{"id":1048,"date":"2023-04-25T02:43:09","date_gmt":"2023-04-25T05:43:09","guid":{"rendered":"https:\/\/isfdsauce-crr.infd.edu.ar\/sitio\/?page_id=1048"},"modified":"2023-04-25T02:43:10","modified_gmt":"2023-04-25T05:43:10","slug":"historia-2","status":"publish","type":"page","link":"https:\/\/isfdsauce-crr.infd.edu.ar\/sitio\/historia-2\/","title":{"rendered":"Historia"},"content":{"rendered":"\n<p>En el a\u00f1o 2006 se crea, por Decreto del Poder Ejecutivo Provincial N\u00ba 885 la Subsede Sauce, dependiente del Instituto Superior Curuz\u00fa Cuati\u00e1. Este Instituto tiene sede en la vecina localidad de Curuz\u00fa Cuati\u00e1, ofreciendo una formaci\u00f3n t\u00e9cnica para j\u00f3venes egresados del nivel secundario.&nbsp; El Decreto que crea la Subsede destaca la necesidad de \u201cofrecer estudios de nivel superior en la localidad, formando recursos humanos mediante el dictado de ofertas t\u00e9cnicas tendientes al desarrollo local\u201d.<\/p>\n\n\n\n<p>En el a\u00f1o 2010, a\u00f1o del Bicentenario de nuestra Patria, nace la Organizaci\u00f3n Comunitaria \u201cSolidaridad\u201d, reun\u00eda a ex docentes jubilados, docentes de todos los niveles, vecinos comprometidos con la comunidad y con el aval de quienes nos desempe\u00f1\u00e1bamos en la Subsede, es decir en el nivel Superior de la localidad, peticionamos, durante todo ese a\u00f1o al Sr. Gobernador de la Provincia Dr. Ricardo Colombi, por la apertura del Profesorado de Educaci\u00f3n Primaria.<\/p>\n\n\n\n<p>Para el gobierno provincial la educaci\u00f3n es una pol\u00edtica de Estado, por lo que, nuestros pedidos fueron escuchados y en el a\u00f1o 2011 se abre, mediante un Aula Anexa del Instituto Superior de Formaci\u00f3n Docente \u201cDr. J. Alfredo Ferreira\u201d de la localidad de Esquina.<\/p>\n\n\n\n<p>En el discurso inaugural de la carrera el Gobernador de la Provincia, felicita a la comunidad sauce\u00f1a por trabajar juntos en un proyecto educativo y promete la apertura del instituto propio.<\/p>\n\n\n\n<p>Al pasar dos a\u00f1os, hubo aperturas de nuevas carreras, una masiva inscripci\u00f3n de j\u00f3venes para continuar estudios, tanto t\u00e9cnicos como docentes y el 13 de marzo de 2013 se crea, por Decreto de Poder Ejecutivo Provincial N\u00ba 365 el Instituto Superior de Formaci\u00f3n Docente SAUCE, en adelante el ISFD SAUCE que re\u00fane administrativa y pedag\u00f3gicamente, tanto la Subsede como el Aula Anexa.<\/p>\n\n\n\n<p>Hasta el a\u00f1o 2015, coexist\u00edan carreras que depend\u00edan del Instituto Superior Curuz\u00fa Cuati\u00e1 y del Instituto Superior \u201cDr. J. Alfredo Ferreira\u201d y; las propias del Instituto Superior de Formaci\u00f3n Docente Sauce.&nbsp;<\/p>\n\n\n\n<p>A partir del ciclo lectivo 2016 todas las carreras pertenecieron exclusivamente al I.S.F.D. Sauce.&nbsp; Este Instituto nace convencido de que la Educaci\u00f3n Superior contribuye al desarrollo de los pueblos, as\u00ed est\u00e1 plasmado en el banner institucional que siempre nos acompa\u00f1a y que se halla en el ingreso a nuestro edificio y, es as\u00ed, que esta misi\u00f3n asumida, desde las autoridades y nosotros, quienes llevamos a cabo diariamente nuestra labor, buscamos concretarla apoyando las gestiones del Equipo Directivo, los planteos y requerimientos de docentes, estudiantes y toda la comunidad en general.<\/p>\n","protected":false},"excerpt":{"rendered":"<p>En el a\u00f1o 2006 se crea, por Decreto del Poder Ejecutivo Provincial N\u00ba 885 la Subsede Sauce, dependiente del Instituto Superior Curuz\u00fa Cuati\u00e1. Este Instituto tiene sede en la vecina localidad de Curuz\u00fa Cuati\u00e1, ofreciendo una formaci\u00f3n t\u00e9cnica para j\u00f3venes egresados del nivel secundario.&nbsp; El Decreto que crea la Subsede destaca la necesidad de \u201cofrecer &#8230; <a title=\"Historia\" class=\"read-more\" href=\"https:\/\/isfdsauce-crr.infd.edu.ar\/sitio\/historia-2\/\" aria-label=\"More on Historia\">[+]<\/a><\/p>\n","protected":false},"author":36,"featured_media":0,"parent":0,"menu_order":0,"comment_status":"closed","ping_status":"closed","template":"","meta":[],"acf":[],"_links":{"self":[{"href":"https:\/\/isfdsauce-crr.infd.edu.ar\/sitio\/wp-json\/wp\/v2\/pages\/1048"}],"collection":[{"href":"https:\/\/isfdsauce-crr.infd.edu.ar\/sitio\/wp-json\/wp\/v2\/pages"}],"about":[{"href":"https:\/\/isfdsauce-crr.infd.edu.ar\/sitio\/wp-json\/wp\/v2\/types\/page"}],"author":[{"embeddable":true,"href":"https:\/\/isfdsauce-crr.infd.edu.ar\/sitio\/wp-json\/wp\/v2\/users\/36"}],"replies":[{"embeddable":true,"href":"https:\/\/isfdsauce-crr.infd.edu.ar\/sitio\/wp-json\/wp\/v2\/comments?post=1048"}],"version-history":[{"count":1,"href":"https:\/\/isfdsauce-crr.infd.edu.ar\/sitio\/wp-json\/wp\/v2\/pages\/1048\/revisions"}],"predecessor-version":[{"id":1049,"href":"https:\/\/isfdsauce-crr.infd.edu.ar\/sitio\/wp-json\/wp\/v2\/pages\/1048\/revisions\/1049"}],"wp:attachment":[{"href":"https:\/\/isfdsauce-crr.infd.edu.ar\/sitio\/wp-json\/wp\/v2\/media?parent=1048"}],"curies":[{"name":"wp","href":"https:\/\/api.w.org\/{rel}","templated":true}]}}