{"id":286,"date":"2016-10-31T13:17:59","date_gmt":"2016-10-31T16:17:59","guid":{"rendered":"https:\/\/isfdsauce-crr.infd.edu.ar\/sitio\/?page_id=286"},"modified":"2023-04-25T01:03:23","modified_gmt":"2023-04-25T04:03:23","slug":"inicio","status":"publish","type":"page","link":"https:\/\/isfdsauce-crr.infd.edu.ar\/sitio\/","title":{"rendered":"Inicio"},"content":{"rendered":"<div id=\"metaslider-id-403\" style=\"width: 100%;\" class=\"ml-slider-3-33-0 metaslider metaslider-flex metaslider-403 ml-slider ms-theme-default\" role=\"region\" aria-roledescription=\"Slideshow\" aria-label=\"Slideshow\">\n    <div id=\"metaslider_container_403\">\n        <div id=\"metaslider_403\" class=\"flexslider\">\n            <ul aria-live=\"polite\" class=\"slides\">\n                <li style=\"display: block; width: 100%;\" class=\"slide-607 ms-image\" aria-roledescription=\"slide\" aria-label=\"slide-607\"><a href=\"https:\/\/mapa.infd.edu.ar\/\" target=\"_blank\"><img src=\"https:\/\/isfdsauce-crr.infd.edu.ar\/sitio\/wp-content\/uploads\/2018\/06\/mapa_infd6-1100x200.png\" height=\"200\" width=\"1100\" alt=\"\" class=\"slider-403 slide-607\" title=\"mapa_infd6\" \/><\/a><\/li>\n                <li style=\"display: none; width: 100%;\" class=\"slide-609 ms-image\" aria-roledescription=\"slide\" aria-label=\"slide-609\"><a href=\"https:\/\/www.argentina.gob.ar\/educacion\/becas\" target=\"_blank\"><img src=\"https:\/\/isfdsauce-crr.infd.edu.ar\/sitio\/wp-content\/uploads\/2018\/06\/becas7-1100x200.png\" height=\"200\" width=\"1100\" alt=\"\" class=\"slider-403 slide-609\" title=\"becas7\" \/><\/a><\/li>\n                <li style=\"display: none; width: 100%;\" class=\"slide-635 ms-image\" aria-roledescription=\"slide\" aria-label=\"slide-635\"><a href=\"https:\/\/www.argentina.gob.ar\/tema\/estudiar\/formacion-docencia\" target=\"_blank\"><img src=\"https:\/\/isfdsauce-crr.infd.edu.ar\/sitio\/wp-content\/uploads\/2018\/06\/convocatorias_slide6-1-1100x200.png\" height=\"200\" width=\"1100\" alt=\"\" class=\"slider-403 slide-635\" title=\"convocatorias_slide6-1\" \/><\/a><\/li>\n            <\/ul>\n        <\/div>\n        \n    <\/div>\n<\/div>\n<h1 style=\"text-align: center;\"><img decoding=\"async\" title=\"\" src=\"https:\/\/isfdsauce-crr.infd.edu.ar\/sitio\/wp-content\/uploads\/2018\/08\/linea3.png\" alt=\"\" border=\"0\" \/><br \/><strong><span style=\"font-family: arial,helvetica,sans-serif; font-size: 10pt;\">INSTITUTO SUPERIOR DE FORMACION DOCENTE \u00abSAUCE\u00bb<\/span><\/strong><\/h1>\n<div><img decoding=\"async\" loading=\"lazy\" class=\"wp-image-966 aligncenter\" src=\"https:\/\/isfdsauce-crr.infd.edu.ar\/sitio\/wp-content\/uploads\/2023\/04\/LOGO-DELINSTITUTO-DE-FORMACION-DOCENTE_adobespark-4.png\" alt=\"\" width=\"618\" height=\"464\" srcset=\"https:\/\/isfdsauce-crr.infd.edu.ar\/sitio\/wp-content\/uploads\/2023\/04\/LOGO-DELINSTITUTO-DE-FORMACION-DOCENTE_adobespark-4.png 960w, https:\/\/isfdsauce-crr.infd.edu.ar\/sitio\/wp-content\/uploads\/2023\/04\/LOGO-DELINSTITUTO-DE-FORMACION-DOCENTE_adobespark-4-768x576.png 768w\" sizes=\"(max-width: 618px) 100vw, 618px\" \/><\/div>\n<table class=\"Hipervinculo\" border=\"0\" align=\"center\">\n<caption>\u00a0<\/caption>\n<tbody>\n<tr>\n<td>Sitios de Interes:<\/td>\n<td><a title=\"Home\" href=\"http:\/\/www.mec.gob.ar\/\" target=\"_blank\" rel=\"noopener\">Ministerio de Educacion de la Provincia de Corrientes<\/a><\/td>\n<\/tr>\n<tr>\n<td>\u00a0<\/td>\n<td><a href=\"http:\/\/www.dgescorrientes.net\/\" target=\"_blank\" rel=\"noopener\">Direcci\u00f3n de nivel superior<\/a><\/td>\n<\/tr>\n<\/tbody>\n<\/table>\n<table style=\"background-color: #ffffff; width: 645px;\" border=\"0\" cellspacing=\"8\" cellpadding=\"8\">\n<tbody>\n<tr>\n<td style=\"width: 50%; text-align: left; border: 1px solid #4b8fcc; background-color: #ffffff;\" valign=\"top\">\n<p><span style=\"font-family: 'trebuchet ms', geneva; font-size: 10pt;\"><img decoding=\"async\" title=\"\" src=\"https:\/\/isfdsauce-crr.infd.edu.ar\/sitio\/wp-content\/uploads\/2018\/08\/redinfod.png\" alt=\"\" border=\"0\" \/><\/span><\/p>\n<p style=\"text-align: justify;\"><span style=\"font-family: verdana, geneva; font-size: 12pt;\">Junto con mas de 800 institutos, integramos la\u00a0<strong><em>Red\u00a0Virtual de Institutos Superiores de Formaci\u00f3n Docente<\/em><\/strong>\u00a0coordinada por el\u00a0<strong>INFD\u00a0<\/strong>(Instituto Nacional de Formaci\u00f3n Docente) dependiente del Ministerio de Educaci\u00f3n de la Naci\u00f3n Argentina.\u00a0<\/span><\/p>\n<\/td>\n<td style=\"border: 1px solid #4b8fcc; width: 50%; background-color: #f0f8ff;\" valign=\"top\">\n<p style=\"text-align: center;\"><span style=\"font-family: 'trebuchet ms', geneva; font-size: 14pt;\">\u00a0Recursos para el aula<\/span><\/p>\n<p style=\"text-align: center;\"><span style=\"font-family: 'trebuchet ms', geneva; font-size: 14pt;\"><img decoding=\"async\" style=\"border: 0;\" title=\"Canal Encuentro\" src=\"https:\/\/isfdsauce-crr.infd.edu.ar\/sitio\/wp-content\/uploads\/2018\/08\/caja_encuentro_1.png\" alt=\"Canal Encuentro\" width=\"130\" border=\"0\" \/><img decoding=\"async\" style=\"border: 0;\" title=\"EducAR\" src=\"https:\/\/isfdsauce-crr.infd.edu.ar\/sitio\/wp-content\/uploads\/2018\/08\/caja_educar_1.png\" alt=\"EducAR\" width=\"120\" border=\"0\" \/><img decoding=\"async\" title=\"El Monitor\" src=\"https:\/\/isfdsauce-crr.infd.edu.ar\/sitio\/wp-content\/uploads\/2018\/08\/caja_monitor_1.png\" alt=\"El Monitor\" border=\"0\" \/><img decoding=\"async\" title=\"Repositorio Institucional\" src=\"https:\/\/isfdsauce-crr.infd.edu.ar\/sitio\/wp-content\/uploads\/2018\/08\/caja_repo_1.png\" alt=\"Repositorio Institucional\" border=\"0\" \/><\/span><\/p>\n<\/td>\n<\/tr>\n<\/tbody>\n<\/table>\n<div><img decoding=\"async\" class=\"aligncenter\" title=\"\" src=\"https:\/\/isfdsauce-crr.infd.edu.ar\/sitio\/wp-content\/uploads\/2018\/08\/linea2.png\" alt=\"\" border=\"0\" \/><\/div>\n","protected":false},"excerpt":{"rendered":"<p>INSTITUTO SUPERIOR DE FORMACION DOCENTE \u00abSAUCE\u00bb \u00a0 Sitios de Interes: Ministerio de Educacion de la Provincia de Corrientes \u00a0 Direcci\u00f3n de nivel superior Junto con mas de 800 institutos, integramos la\u00a0Red\u00a0Virtual de Institutos Superiores de Formaci\u00f3n Docente\u00a0coordinada por el\u00a0INFD\u00a0(Instituto Nacional de Formaci\u00f3n Docente) dependiente del Ministerio de Educaci\u00f3n de la Naci\u00f3n Argentina.\u00a0 \u00a0Recursos para el &#8230; <a title=\"Inicio\" class=\"read-more\" href=\"https:\/\/isfdsauce-crr.infd.edu.ar\/sitio\/\" aria-label=\"More on Inicio\">[+]<\/a><\/p>\n","protected":false},"author":1,"featured_media":0,"parent":0,"menu_order":0,"comment_status":"closed","ping_status":"closed","template":"","meta":[],"acf":[],"_links":{"self":[{"href":"https:\/\/isfdsauce-crr.infd.edu.ar\/sitio\/wp-json\/wp\/v2\/pages\/286"}],"collection":[{"href":"https:\/\/isfdsauce-crr.infd.edu.ar\/sitio\/wp-json\/wp\/v2\/pages"}],"about":[{"href":"https:\/\/isfdsauce-crr.infd.edu.ar\/sitio\/wp-json\/wp\/v2\/types\/page"}],"author":[{"embeddable":true,"href":"https:\/\/isfdsauce-crr.infd.edu.ar\/sitio\/wp-json\/wp\/v2\/users\/1"}],"replies":[{"embeddable":true,"href":"https:\/\/isfdsauce-crr.infd.edu.ar\/sitio\/wp-json\/wp\/v2\/comments?post=286"}],"version-history":[{"count":82,"href":"https:\/\/isfdsauce-crr.infd.edu.ar\/sitio\/wp-json\/wp\/v2\/pages\/286\/revisions"}],"predecessor-version":[{"id":1021,"href":"https:\/\/isfdsauce-crr.infd.edu.ar\/sitio\/wp-json\/wp\/v2\/pages\/286\/revisions\/1021"}],"wp:attachment":[{"href":"https:\/\/isfdsauce-crr.infd.edu.ar\/sitio\/wp-json\/wp\/v2\/media?parent=286"}],"curies":[{"name":"wp","href":"https:\/\/api.w.org\/{rel}","templated":true}]}}