{"id":759,"date":"2018-08-30T13:31:47","date_gmt":"2018-08-30T16:31:47","guid":{"rendered":"https:\/\/isfdsauce-crr.infd.edu.ar\/sitio\/otros-proyectos-institucionales\/"},"modified":"2023-04-24T15:36:53","modified_gmt":"2023-04-24T18:36:53","slug":"otros-proyectos-institucionales","status":"publish","type":"page","link":"https:\/\/isfdsauce-crr.infd.edu.ar\/sitio\/otros-proyectos-institucionales\/","title":{"rendered":"Otros proyectos institucionales"},"content":{"rendered":"<p><strong><span style=\"color: #cc6600; font-family: Arial; font-size: medium;\">Proyecto de Fortalecimiento Institucional: Trayectorias Estudiantiles (a\u00f1o 2021)<\/span><\/strong><\/p>\n<p><strong><span style=\"color: #cc6600; font-family: Arial; font-size: medium;\">Proyecto de Fortalecimiento Institucional: Trayectorias Estudiantiles (a\u00f1o 2022)<\/span><\/strong><\/p>\n<p><strong><span style=\"color: #cc6600; font-family: Arial; font-size: medium;\">Proyecto de Fortalecimiento Institucional: Formando Docentes, apliando la participaci\u00f3n estudiantil \u00abCo-educar en la ESI con la escuela primaria\u00bb (a\u00f1o 2023)<\/span><\/strong><\/p>\n<p><strong><span style=\"color: #cc6600; font-family: Arial; font-size: medium;\">Proyecto de Apoyo Pedag\u00f3gico a Escuelas: \u00abAprender construyendo la Ense\u00f1anza: la formaci\u00f3n did\u00e1ctica como eje entre el ISFD y las Escuelas Asociadas centrada en las macrohabilidades linguist\u00edcas del \u00e1rea de Lengua del Ciclo B\u00e1sico del Nivel Secundario\u00bb (a\u00f1o 2023)<\/span><\/strong><\/p>\n","protected":false},"excerpt":{"rendered":"<p>Proyecto de Fortalecimiento Institucional: Trayectorias Estudiantiles (a\u00f1o 2021) Proyecto de Fortalecimiento Institucional: Trayectorias Estudiantiles (a\u00f1o 2022) Proyecto de Fortalecimiento Institucional: Formando Docentes, apliando la participaci\u00f3n estudiantil \u00abCo-educar en la ESI con la escuela primaria\u00bb (a\u00f1o 2023) Proyecto de Apoyo Pedag\u00f3gico a Escuelas: \u00abAprender construyendo la Ense\u00f1anza: la formaci\u00f3n did\u00e1ctica como eje entre el ISFD y &#8230; <a title=\"Otros proyectos institucionales\" class=\"read-more\" href=\"https:\/\/isfdsauce-crr.infd.edu.ar\/sitio\/otros-proyectos-institucionales\/\" aria-label=\"More on Otros proyectos institucionales\">[+]<\/a><\/p>\n","protected":false},"author":36,"featured_media":0,"parent":0,"menu_order":0,"comment_status":"closed","ping_status":"closed","template":"","meta":[],"acf":[],"_links":{"self":[{"href":"https:\/\/isfdsauce-crr.infd.edu.ar\/sitio\/wp-json\/wp\/v2\/pages\/759"}],"collection":[{"href":"https:\/\/isfdsauce-crr.infd.edu.ar\/sitio\/wp-json\/wp\/v2\/pages"}],"about":[{"href":"https:\/\/isfdsauce-crr.infd.edu.ar\/sitio\/wp-json\/wp\/v2\/types\/page"}],"author":[{"embeddable":true,"href":"https:\/\/isfdsauce-crr.infd.edu.ar\/sitio\/wp-json\/wp\/v2\/users\/36"}],"replies":[{"embeddable":true,"href":"https:\/\/isfdsauce-crr.infd.edu.ar\/sitio\/wp-json\/wp\/v2\/comments?post=759"}],"version-history":[{"count":1,"href":"https:\/\/isfdsauce-crr.infd.edu.ar\/sitio\/wp-json\/wp\/v2\/pages\/759\/revisions"}],"predecessor-version":[{"id":993,"href":"https:\/\/isfdsauce-crr.infd.edu.ar\/sitio\/wp-json\/wp\/v2\/pages\/759\/revisions\/993"}],"wp:attachment":[{"href":"https:\/\/isfdsauce-crr.infd.edu.ar\/sitio\/wp-json\/wp\/v2\/media?parent=759"}],"curies":[{"name":"wp","href":"https:\/\/api.w.org\/{rel}","templated":true}]}}