{"id":761,"date":"2018-08-30T13:31:48","date_gmt":"2018-08-30T16:31:48","guid":{"rendered":"https:\/\/isfdsauce-crr.infd.edu.ar\/sitio\/publicaciones-de-docentes\/"},"modified":"2023-04-25T09:59:04","modified_gmt":"2023-04-25T12:59:04","slug":"publicaciones-de-docentes","status":"publish","type":"page","link":"https:\/\/isfdsauce-crr.infd.edu.ar\/sitio\/publicaciones-de-docentes\/","title":{"rendered":"Publicaciones de docentes"},"content":{"rendered":"<p align=\"center\"><span style=\"font-family: verdana,geneva; font-size: small;\"><strong>Publicaciones de docentes\u00a0del Instituto<\/strong><\/span><\/p>\n<table border=\"0\" width=\"100%\" align=\"center\">\n<tbody>\n<tr>\n<td style=\"width: 70%;\"><span style=\"font-family: verdana,geneva; font-size: small;\"><strong><img decoding=\"async\" src=\"https:\/\/isfdsauce-crr.infd.edu.ar\/sitio\/wp-content\/uploads\/2018\/08\/10x10.gif\" alt=\"Transparente\" border=\"0\" \/>T\u00edtulo:<\/strong> Cultura del trabajo con tecnolog\u00edas<br \/>\n<strong><img decoding=\"async\" src=\"https:\/\/isfdsauce-crr.infd.edu.ar\/sitio\/wp-content\/uploads\/2018\/08\/10x10.gif\" alt=\"Transparente\" border=\"0\" \/>Autor:<br \/>\n<img decoding=\"async\" src=\"https:\/\/isfdsauce-crr.infd.edu.ar\/sitio\/wp-content\/uploads\/2018\/08\/10x10.gif\" alt=\"Transparente\" border=\"0\" \/><\/strong><\/span><\/td>\n<td>\n<div style=\"text-align: center;\"><a class=\"undefined\" href=\"upload\/Cultura_del_trabajo_con_tecnologias.pdf\"><img decoding=\"async\" src=\"https:\/\/isfdsauce-crr.infd.edu.ar\/sitio\/wp-content\/uploads\/2018\/08\/icono_pdf.gif\" alt=\"Icono pdf \" border=\"0\" \/><\/a><\/div>\n<div style=\"text-align: center;\"><span style=\"font-family: verdana,geneva; font-size: small;\"><u><a class=\"undefined\" href=\"upload\/Cultura_del_trabajo_con_tecnologias.pdf\">Archivo.pdf<\/a><\/u><\/span><\/div>\n<\/td>\n<\/tr>\n<tr>\n<td><span style=\"font-family: verdana,geneva; font-size: small;\"><strong><img decoding=\"async\" src=\"https:\/\/isfdsauce-crr.infd.edu.ar\/sitio\/wp-content\/uploads\/2018\/08\/10x10.gif\" alt=\"Transparente\" border=\"0\" \/>T\u00edtulo: <\/strong>Experiencias educativas en tiempos de incertidumbre.<\/span><\/p>\n<p><strong style=\"font-family: verdana, geneva; font-size: small;\">Autor: <\/strong><span style=\"font-family: verdana, geneva; font-size: small; font-weight: inherit;\">Equipo de docentes &#8211; ex becarios Comisi\u00f3n Fulbright &#8211; Ministerio de Educaci\u00f3n de la Naci\u00f3n.\u00a0<\/span><\/p>\n<ul>\n<li><span style=\"font-family: verdana,geneva; font-size: small;\"><strong>Bogado, M. N. (2020) La irrupci\u00f3n de la virtualidad y la resignificaci\u00f3n de la clase.<\/strong><img decoding=\"async\" src=\"https:\/\/isfdsauce-crr.infd.edu.ar\/sitio\/wp-content\/uploads\/2018\/08\/10x10.gif\" alt=\"Transparente\" border=\"0\" \/><\/span><\/li>\n<\/ul>\n<\/td>\n<td>\n<p align=\"center\"><img decoding=\"async\" src=\"https:\/\/isfdsauce-crr.infd.edu.ar\/sitio\/wp-content\/uploads\/2018\/08\/icono_pdf.gif\" alt=\"Icono pdf \" border=\"0\" \/><br \/>\n<a href=\"https:\/\/drive.google.com\/file\/d\/1OgT-T_ACp93IY8c-3NRWQA_IlGviVzPg\/view?fbclid=IwAR2Sj7fDiYkv8zES9c-FBjcZ4fKtF0_bVq0luost-4PjE_dPW-x69jGKHQg\"><span style=\"font-family: verdana,geneva; font-size: small;\"><u>Archivo.pdf<\/u><\/span><\/a><\/p>\n<\/td>\n<\/tr>\n<tr>\n<td><strong><span style=\"font-family: verdana,geneva; font-size: small;\"><img decoding=\"async\" src=\"https:\/\/isfdsauce-crr.infd.edu.ar\/sitio\/wp-content\/uploads\/2018\/08\/10x10.gif\" alt=\"Transparente\" border=\"0\" \/><\/span><\/strong><span style=\"font-family: verdana,geneva; font-size: small;\"><strong>T\u00edtulo: <\/strong>Ense\u00f1ar en el nivel superior: di\u00e1logos, proyectos y pr\u00e1cticas.<\/span><\/p>\n<p><strong style=\"font-family: verdana, geneva; font-size: small;\">Autor: <\/strong><span style=\"font-family: verdana,geneva; font-size: small;\">Victoria Baraldi y otros (comp.)\u00a0<\/span><\/p>\n<ul>\n<li><span style=\"font-family: verdana,geneva; font-size: small;\"><strong>Morel, M. A. y Schweizer, N. S. (2020) Tutor\u00edas: la importancia del acompa\u00f1amiento en la formaci\u00f3n docente desde lo interinstitucional. <\/strong><strong style=\"font-size: revert; font-family: inherit;\"><span><img decoding=\"async\" src=\"https:\/\/isfdsauce-crr.infd.edu.ar\/sitio\/wp-content\/uploads\/2018\/08\/10x10.gif\" alt=\"Transparente\" border=\"0\" \/><\/span><\/strong><\/span><\/li>\n<\/ul>\n<\/td>\n<td>\n<p align=\"center\"><img decoding=\"async\" src=\"https:\/\/isfdsauce-crr.infd.edu.ar\/sitio\/wp-content\/uploads\/2018\/08\/icono_pdf.gif\" alt=\"Icono pdf \" border=\"0\" \/><br \/>\n<a href=\"https:\/\/www.fhuc.unl.edu.ar\/institucional\/wp-content\/uploads\/sites\/3\/2018\/08\/Ense%C3%B1ar-en-el-nivel-superior.pdf\"><span style=\"font-family: verdana,geneva; font-size: small;\"><u>Archivo.pdf<\/u><\/span><\/a><\/p>\n<\/td>\n<\/tr>\n<\/tbody>\n<\/table>\n","protected":false},"excerpt":{"rendered":"<p>Publicaciones de docentes\u00a0del Instituto T\u00edtulo: Cultura del trabajo con tecnolog\u00edas Autor: Archivo.pdf T\u00edtulo: Experiencias educativas en tiempos de incertidumbre. Autor: Equipo de docentes &#8211; ex becarios Comisi\u00f3n Fulbright &#8211; Ministerio de Educaci\u00f3n de la Naci\u00f3n.\u00a0 Bogado, M. N. (2020) La irrupci\u00f3n de la virtualidad y la resignificaci\u00f3n de la clase. Archivo.pdf T\u00edtulo: Ense\u00f1ar en el &#8230; <a title=\"Publicaciones de docentes\" class=\"read-more\" href=\"https:\/\/isfdsauce-crr.infd.edu.ar\/sitio\/publicaciones-de-docentes\/\" aria-label=\"More on Publicaciones de docentes\">[+]<\/a><\/p>\n","protected":false},"author":36,"featured_media":0,"parent":0,"menu_order":0,"comment_status":"closed","ping_status":"closed","template":"","meta":[],"acf":[],"_links":{"self":[{"href":"https:\/\/isfdsauce-crr.infd.edu.ar\/sitio\/wp-json\/wp\/v2\/pages\/761"}],"collection":[{"href":"https:\/\/isfdsauce-crr.infd.edu.ar\/sitio\/wp-json\/wp\/v2\/pages"}],"about":[{"href":"https:\/\/isfdsauce-crr.infd.edu.ar\/sitio\/wp-json\/wp\/v2\/types\/page"}],"author":[{"embeddable":true,"href":"https:\/\/isfdsauce-crr.infd.edu.ar\/sitio\/wp-json\/wp\/v2\/users\/36"}],"replies":[{"embeddable":true,"href":"https:\/\/isfdsauce-crr.infd.edu.ar\/sitio\/wp-json\/wp\/v2\/comments?post=761"}],"version-history":[{"count":3,"href":"https:\/\/isfdsauce-crr.infd.edu.ar\/sitio\/wp-json\/wp\/v2\/pages\/761\/revisions"}],"predecessor-version":[{"id":1055,"href":"https:\/\/isfdsauce-crr.infd.edu.ar\/sitio\/wp-json\/wp\/v2\/pages\/761\/revisions\/1055"}],"wp:attachment":[{"href":"https:\/\/isfdsauce-crr.infd.edu.ar\/sitio\/wp-json\/wp\/v2\/media?parent=761"}],"curies":[{"name":"wp","href":"https:\/\/api.w.org\/{rel}","templated":true}]}}