{"id":790,"date":"2018-08-30T13:31:54","date_gmt":"2018-08-30T16:31:54","guid":{"rendered":"https:\/\/isfdsauce-crr.infd.edu.ar\/sitio\/autoridades\/"},"modified":"2023-04-24T16:10:10","modified_gmt":"2023-04-24T19:10:10","slug":"autoridades","status":"publish","type":"page","link":"https:\/\/isfdsauce-crr.infd.edu.ar\/sitio\/autoridades\/","title":{"rendered":"Autoridades"},"content":{"rendered":"<h1 style=\"text-align: center;\"><strong>Equipo de Conducci\u00f3n<\/strong><\/h1>\n<p style=\"text-align: center;\"><span style=\"color: #000000; font-family: arial, helvetica, sans-serif; font-size: medium;\"><strong>Rector<\/strong>: <em>Prof. Matias Noel Bogado.<\/em><\/span><\/p>\n<p style=\"text-align: center;\">E-mail: matiasnoelbogado@gmail.com<\/p>\n<p style=\"text-align: center;\"><em><span style=\"color: #000000; font-family: arial, helvetica, sans-serif; font-size: medium;\">\u00a0<strong>Secretaria Acad\u00e9mica<\/strong>: Lic. Rosa Pompeya Gualtieri.<\/span><\/em><\/p>\n<p style=\"text-align: center;\">E-mail: rosapgualtieri@gmail.com<\/p>\n<p style=\"text-align: center;\"><span style=\"color: #000000; font-family: arial, helvetica, sans-serif; font-size: medium;\"><strong>Secretaria Administrativa<\/strong>: <em>Prof. Mar\u00eda Luz Madera<\/em>.<\/span><\/p>\n<p style=\"text-align: center;\">E-mail: <span class=\"qu\" tabindex=\"-1\" role=\"gridcell\" translate=\"no\"><span class=\"go\">maluzm1978@gmail.com<\/span><\/span><\/p>\n<p style=\"text-align: center;\"><span style=\"font-size: 14pt;\"><em><span style=\"color: #000000; font-family: arial, helvetica, sans-serif;\"><strong>Coordinadores \u00a0de \u00c1rea:<\/strong><\/span><\/em><\/span><\/p>\n<p style=\"text-align: center;\"><span style=\"color: #000000; font-family: arial, helvetica, sans-serif; font-size: medium;\">Apoyo Pedag\u00f3gico a Escuelas: <em>Prof. Maximiliano Alberto Morel<\/em>.<\/span><\/p>\n<p style=\"text-align: center;\">E-mail: <span class=\"qu\" tabindex=\"-1\" role=\"gridcell\" translate=\"no\"><span class=\"go\">maxi.morel94@gmail.com<\/span><\/span><\/p>\n<p style=\"text-align: center;\"><span style=\"color: #000000; font-family: arial, helvetica, sans-serif; font-size: medium;\">Coordinadora de Tutor\u00edas: Facilitadora TIC: <em>Prof. Ethel Evelina Gauna<\/em><strong>.<\/strong><\/span><\/p>\n<p style=\"text-align: center;\">E-mail: <span class=\"qu\" tabindex=\"-1\" role=\"gridcell\" translate=\"no\"><span class=\"go\">evelinagau.2014@gmail.com<\/span><\/span><\/p>\n<p style=\"text-align: center;\"><span style=\"color: #000000; font-family: arial, helvetica, sans-serif; font-size: medium;\">Coordinadora de Pr\u00e1ctica Docente: <em>Prof. Cielo Fern\u00e1ndez.<\/em><\/span><\/p>\n<p style=\"text-align: center;\">E-mail: cielofernandez1986@gmail.com<\/p>\n<p style=\"text-align: center;\"><span style=\"font-size: 14pt;\"><em><span style=\"color: #000000; font-family: arial, helvetica, sans-serif;\"><strong>Coordinadores \u00a0de Carreras:<\/strong><\/span><\/em><\/span><\/p>\n<p style=\"text-align: center;\"><span style=\"font-size: 12pt;\"><span style=\"color: #000000; font-family: arial, helvetica, sans-serif;\">Profesorado de Educaci\u00f3n Primaria:<em>Prof. Romina Soledad Gauna.<\/em><\/span><\/span><\/p>\n<p style=\"text-align: center;\">E-mail: ro_sauce@hotmail.com<\/p>\n<p style=\"text-align: center;\"><span style=\"font-size: 12pt;\"><span style=\"color: #000000; font-family: arial, helvetica, sans-serif;\">Profesorado de Educaci\u00f3n Secundaria en Lengua y Literatura:<em>Prof. Sonia Beatriz Suarez.<\/em><\/span><\/span><\/p>\n<p style=\"text-align: center;\">E-mail: soniasuarez.03@gmail.com<\/p>\n<p style=\"text-align: center;\"><span style=\"font-size: 12pt;\"><span style=\"color: #000000; font-family: arial, helvetica, sans-serif;\">Profesorado de Educaci\u00f3n Secundaria en Matem\u00e1tica:\u00a0<\/span><\/span><\/p>\n<p style=\"text-align: center;\">E-mail:<\/p>\n<p style=\"text-align: center;\"><span style=\"font-size: 12pt;\"><span style=\"color: #000000; font-family: arial, helvetica, sans-serif;\">Profesorado de Educaci\u00f3n Secundaria en Biolog\u00eda:<i>\u00a0<\/i><\/span><\/span><\/p>\n<p style=\"text-align: center;\">E-mail:<\/p>\n<p style=\"text-align: center;\"><span style=\"font-size: 12pt;\"><span style=\"color: #000000; font-family: arial, helvetica, sans-serif;\">Tecnicatura Superior en Enfermer\u00eda:<em>Enf. Mar\u00eda Itat\u00ed Fern\u00e1ndez.<\/em><\/span><\/span><\/p>\n<p style=\"text-align: center;\">E-mail: itatifernandez711@gmail.com<\/p>\n<p style=\"text-align: center;\"><span style=\"font-size: 12pt;\"><span style=\"color: #000000; font-family: arial, helvetica, sans-serif;\">Tecnicatura Superior en Infraestructura Inform\u00e1tica:Prof.<em> Mar\u00eda Laura Gonz\u00e1lez Caz\u00f3n.<\/em><\/span><\/span><\/p>\n<p style=\"text-align: center;\">E-mail: mlgonzalezcazon@gmail.com<\/p>\n<p style=\"text-align: center;\"><span style=\"font-size: 12pt;\"><span style=\"color: #000000; font-family: arial, helvetica, sans-serif;\">Tecnicatura Superior en Desarrollo de Software:\u00a0<\/span><\/span><\/p>\n<p style=\"text-align: center;\">E-mail:<\/p>\n<p style=\"text-align: center;\"><span style=\"color: #000000;\"> <span style=\"font-size: 14pt;\"><em><span style=\"color: #000000; font-family: arial, helvetica, sans-serif;\"><strong>Coordinadora Institucional de Pol\u00edticas Estudiantiles (CIPEs): <\/strong><span style=\"font-size: 12pt;\">Prof. Mara Bettiana Hilgemberg<\/span><\/span><\/em><\/span><\/span><\/p>\n<p style=\"text-align: center;\">E-mail: <span class=\"qu\" tabindex=\"-1\" role=\"gridcell\" translate=\"no\"><span class=\"go\">maruchii_406@hotmail.com<\/span><\/span><\/p>\n<p><span style=\"color: #000000;\">\u00a0 \u00a0 \u00a0 \u00a0 \u00a0 \u00a0 \u00a0 \u00a0 \u00a0 \u00a0 \u00a0 \u00a0 \u00a0 \u00a0 \u00a0 \u00a0 \u00a0 \u00a0 \u00a0 \u00a0 \u00a0\u00a0<\/span><\/p>\n<p style=\"text-align: center;\">\n<p><span style=\"color: #cc6600; font-family: arial,helvetica,sans-serif; font-size: medium;\"><strong>\u00a0<\/strong><\/span><\/p>\n","protected":false},"excerpt":{"rendered":"<p>Equipo de Conducci\u00f3n Rector: Prof. Matias Noel Bogado. E-mail: matiasnoelbogado@gmail.com \u00a0Secretaria Acad\u00e9mica: Lic. Rosa Pompeya Gualtieri. E-mail: rosapgualtieri@gmail.com Secretaria Administrativa: Prof. Mar\u00eda Luz Madera. E-mail: maluzm1978@gmail.com Coordinadores \u00a0de \u00c1rea: Apoyo Pedag\u00f3gico a Escuelas: Prof. Maximiliano Alberto Morel. E-mail: maxi.morel94@gmail.com Coordinadora de Tutor\u00edas: Facilitadora TIC: Prof. Ethel Evelina Gauna. E-mail: evelinagau.2014@gmail.com Coordinadora de Pr\u00e1ctica Docente: Prof. &#8230; <a title=\"Autoridades\" class=\"read-more\" href=\"https:\/\/isfdsauce-crr.infd.edu.ar\/sitio\/autoridades\/\" aria-label=\"More on Autoridades\">[+]<\/a><\/p>\n","protected":false},"author":36,"featured_media":0,"parent":0,"menu_order":0,"comment_status":"closed","ping_status":"closed","template":"","meta":[],"acf":[],"_links":{"self":[{"href":"https:\/\/isfdsauce-crr.infd.edu.ar\/sitio\/wp-json\/wp\/v2\/pages\/790"}],"collection":[{"href":"https:\/\/isfdsauce-crr.infd.edu.ar\/sitio\/wp-json\/wp\/v2\/pages"}],"about":[{"href":"https:\/\/isfdsauce-crr.infd.edu.ar\/sitio\/wp-json\/wp\/v2\/types\/page"}],"author":[{"embeddable":true,"href":"https:\/\/isfdsauce-crr.infd.edu.ar\/sitio\/wp-json\/wp\/v2\/users\/36"}],"replies":[{"embeddable":true,"href":"https:\/\/isfdsauce-crr.infd.edu.ar\/sitio\/wp-json\/wp\/v2\/comments?post=790"}],"version-history":[{"count":3,"href":"https:\/\/isfdsauce-crr.infd.edu.ar\/sitio\/wp-json\/wp\/v2\/pages\/790\/revisions"}],"predecessor-version":[{"id":999,"href":"https:\/\/isfdsauce-crr.infd.edu.ar\/sitio\/wp-json\/wp\/v2\/pages\/790\/revisions\/999"}],"wp:attachment":[{"href":"https:\/\/isfdsauce-crr.infd.edu.ar\/sitio\/wp-json\/wp\/v2\/media?parent=790"}],"curies":[{"name":"wp","href":"https:\/\/api.w.org\/{rel}","templated":true}]}}