{"id":794,"date":"2018-08-30T13:31:55","date_gmt":"2018-08-30T16:31:55","guid":{"rendered":"https:\/\/isfdsauce-crr.infd.edu.ar\/sitio\/calendario-academico\/"},"modified":"2023-04-26T10:37:28","modified_gmt":"2023-04-26T13:37:28","slug":"calendario-academico","status":"publish","type":"page","link":"https:\/\/isfdsauce-crr.infd.edu.ar\/sitio\/calendario-academico\/","title":{"rendered":"Cursado"},"content":{"rendered":"<p style=\"text-align: center;\"><strong>PROFESORADO DE EDUCACI\u00d3N PRIMARIA<\/strong><\/p>\n<p>Se cursa en el Colegio Secundario Esteban Echeverr\u00eda (Sede Central) en el horario de 13,00 a 17,40hs.<\/p>\n<p>Ciclo Lectivo 2023 cursa el 2do a\u00f1o de la carrera.<\/p>\n<p><\/p>\n\n\n<figure class=\"wp-block-table\"><table><tbody><tr><td><strong>HORA<\/strong><\/td><td><strong>LUNES<\/strong><\/td><td><strong>MARTES<\/strong><\/td><td><strong>MI\u00c9RCOLES<\/strong><\/td><td><strong>JUEVES<\/strong><\/td><td><strong>VIERNES<\/strong><\/td><\/tr><tr><td>13,00-13,40<\/td><td>Ense\u00f1anza de la <br>Matem\u00e1tica<\/td><td>Ense\u00f1anza de la lengua<br>y literatura<\/td><td>Pr\u00e1ctica Docente II<\/td><td>Historia y Pol\u00edtica de la<br>Educaci\u00f3n Argentina<\/td><td>Ense\u00f1anza de la lengua<br>y literatura<\/td><\/tr><tr><td>13,40-14,20<\/td><td>Ense\u00f1anza de la <br>Matem\u00e1tica<\/td><td>Ense\u00f1anza de la lengua<br>y literatura<\/td><td>Pr\u00e1ctica Docente II<\/td><td>Historia y Pol\u00edtica de la<br>Educaci\u00f3n Argentina<\/td><td>Ense\u00f1anza de la lengua<br>y literatura<\/td><\/tr><tr><td>14,20-15,00<\/td><td>Ense\u00f1anza de la <br>Matem\u00e1tica<\/td><td>Ense\u00f1anza de la lengua<br>y literatura<\/td><td>Pr\u00e1ctica Docente II<\/td><td>Sujeto de la Educaci\u00f3n<br>Primaria<\/td><td>Ense\u00f1anza de la <br>Matem\u00e1tica<\/td><\/tr><tr><td>15,00-15,40<\/td><td>Tecnolog\u00eda de la informaci\u00f3n<br>y de la comunicaci\u00f3n<\/td><td>Ense\u00f1anza de la lengua<br>y literatura<\/td><td>Sujeto de la Educaci\u00f3n<br>Primaria<\/td><td>Sujeto de la Educaci\u00f3n<br>Primaria<\/td><td>Ense\u00f1anza de la <br>Matem\u00e1tica<\/td><\/tr><tr><td>15,40-16,20<\/td><td>Tecnolog\u00eda de la informaci\u00f3n<br>y de la comunicaci\u00f3n<\/td><td>Historia y Pol\u00edtica de la<br>Educaci\u00f3n Argentina<\/td><td>Sujeto de la Educaci\u00f3n<br>Primaria<\/td><td>Sujeto de la Educaci\u00f3n<br>Primaria<\/td><td>Ense\u00f1anza de la <br>Matem\u00e1tica<\/td><\/tr><tr><td>16,20-17,00<\/td><td>Tecnolog\u00eda de la informaci\u00f3n<br>y de la comunicaci\u00f3n<\/td><td>Historia y Pol\u00edtica de la<br>Educaci\u00f3n Argentina<\/td><td>Sujeto de la Educaci\u00f3n<br>Primaria<\/td><td><\/td><td>Tecnolog\u00eda de la informaci\u00f3n<br>y de la comunicaci\u00f3n<\/td><\/tr><tr><td>17,00-17,40<\/td><td>Tecnolog\u00eda de la informaci\u00f3n<br>y de la comunicaci\u00f3n<\/td><td><\/td><td><\/td><td><\/td><td>Tecnolog\u00eda de la informaci\u00f3n<br>y de la comunicaci\u00f3n<\/td><\/tr><\/tbody><\/table><\/figure>\n\n\n\n<p class=\"has-text-align-center\"><strong>PROFESORADO DE EDUCACI\u00d3N SECUNDARIA EN LENGUA Y LITERATURA<\/strong><\/p>\n\n\n\n<p>Se cursa en el Colegio Secundario Esteban Echeverr\u00eda (Sede Central) en el horario de 18,30 a 23,10 hs.<\/p>\n\n\n\n<p>Ciclo Lectivo 2023 cursa el 4to a\u00f1o de la carrera<\/p>\n\n\n\n<figure class=\"wp-block-table\"><table><tbody><tr><td><strong>HORA<\/strong><\/td><td><strong>LUNES<\/strong><\/td><td><strong>MARTES<\/strong><\/td><td><strong>MI\u00c9RCOLES<\/strong><\/td><td><strong>JUEVES<\/strong><\/td><td><strong>VIERNES<\/strong><\/td><\/tr><tr><td>18,30-19,10<\/td><td><\/td><td>Historia del Arte<br>y la Cultura<\/td><td>Semi\u00f3tica<\/td><td>E.S.I.<\/td><td>Literatura Europea<\/td><\/tr><tr><td>19,10-19,50<\/td><td><\/td><td>Historia del Arte<br>y la Cultura<\/td><td>Semi\u00f3tica<\/td><td>E.S.I.<\/td><td>Literatura Europea<\/td><\/tr><tr><td>19,50-20,30<\/td><td><\/td><td>Historia del Arte<br>y la Cultura<\/td><td>Semi\u00f3tica<\/td><td>E.S.I.<\/td><td>Literatura Europea<\/td><\/tr><tr><td>20,30-21,10<\/td><td><\/td><td>Historia del Arte<br>y la Cultura<\/td><td>\u00c9tica y Ciudadan\u00eda<\/td><td>E.S.I.<\/td><td>Literatura Europea<\/td><\/tr><tr><td>21,10-21,50<\/td><td><\/td><td><\/td><td>\u00c9tica y Ciudadan\u00eda<\/td><td>Ingl\u00e9s<\/td><td>Residencia Pedag\u00f3gica<\/td><\/tr><tr><td>21,50-22,30<\/td><td><\/td><td><\/td><td>\u00c9tica y Ciudadan\u00eda<\/td><td>Ingl\u00e9s<\/td><td>Residencia Pedag\u00f3gica<\/td><\/tr><tr><td>22,30-23,10<\/td><td><\/td><td><\/td><td><\/td><td>Ingl\u00e9s<\/td><td>Residencia Pedag\u00f3gica<\/td><\/tr><\/tbody><\/table><\/figure>\n\n\n\n<p class=\"has-text-align-center\"><strong>PROFESORADO DE EDUCACI\u00d3N SECUNDARIA EN MATEM\u00c1TICA<\/strong><\/p>\n\n\n\n<p>Se cursa en el Colegio Secundario Esteban Echeverr\u00eda (Sede Central) en el horario de 18,30 a 23,10hs<\/p>\n\n\n\n<p> Ciclo Lectivo 2023 cursa el 2do a\u00f1o de la carrera<\/p>\n\n\n\n<figure class=\"wp-block-table\"><table><tbody><tr><td><strong>HORA<\/strong><\/td><td><strong>LUNES<\/strong><\/td><td><strong>MARTES<\/strong><\/td><td><strong>MI\u00c9RCOLES<\/strong><\/td><td><strong>JUEVES<\/strong><\/td><td><strong>VIERNES<\/strong><\/td><\/tr><tr><td>18,30-19,10<\/td><td>Did\u00e1ctica de la <br>Matem\u00e1tica II<\/td><td>C\u00e1lculo Num\u00e9rico<\/td><td>Did\u00e1ctica de la <br>Matem\u00e1tica II<\/td><td>Pr\u00e1ctica Docente III<\/td><td>Algebra III<\/td><\/tr><tr><td>19,10-19,50<\/td><td>Did\u00e1ctica de la <br>Matem\u00e1tica II<\/td><td>C\u00e1lculo Num\u00e9rico<\/td><td>Did\u00e1ctica de la <br>Matem\u00e1tica II<\/td><td>Pr\u00e1ctica Docente III<\/td><td>Algebra III<\/td><\/tr><tr><td>19,50-20,30<\/td><td>Did\u00e1ctica de la <br>Matem\u00e1tica II<\/td><td>C\u00e1lculo Num\u00e9rico<\/td><td>Estad\u00edstica y <br>Probabilidad<\/td><td>Pr\u00e1ctica Docente III<\/td><td>Historia y Epistemolog\u00eda<br>de la matem\u00e1tica<\/td><\/tr><tr><td>20,30-21,10<\/td><td>Sociologia de la<br>Educaci\u00f3n<\/td><td>Sociolog\u00eda de la<br>Educaci\u00f3n<\/td><td>Estad\u00edstica y <br>Probabilidad<\/td><td>An\u00e1lisis Matem\u00e1tico II<\/td><td>Historia y Epistemolog\u00eda<br>de la matem\u00e1tica<\/td><\/tr><tr><td>21,10-21,50<\/td><td>Sociologia de la<br>Educaci\u00f3n<\/td><td>An\u00e1lisis Matem\u00e1tico II<\/td><td>Estad\u00edstica y <br>Probabilidad<\/td><td>Historia y Epistemolog\u00eda<br>de la matem\u00e1tica<\/td><td>Estad\u00edstica y <br>Probabilidad<\/td><\/tr><tr><td>21,50-22,30<\/td><td>Algebra III\/Did\u00e1ctica<br>de la Matem\u00e1tica II<\/td><td>An\u00e1lisis Matem\u00e1tico II<\/td><td>An\u00e1lisis Matem\u00e1tico II<\/td><td>Historia y Epistemolog\u00eda<br>de la matem\u00e1tica<\/td><td>Estad\u00edstica y <br>Probabilidad<\/td><\/tr><tr><td>22,30-23,10<\/td><td>Algebra III<\/td><td>An\u00e1lisis Matem\u00e1tico II<\/td><td>An\u00e1lisis Matem\u00e1tico II<\/td><td>Historia y Epistemolog\u00eda<br>de la matem\u00e1tica<\/td><td>Estad\u00edstica y <br>Probabilidad<\/td><\/tr><\/tbody><\/table><\/figure>\n\n\n\n<p class=\"has-text-align-center\"><strong>PROFESORADO DE EDUCACI\u00d3N SECUNDARIA EN BIOLOG\u00cdA<\/strong><\/p>\n\n\n\n<p>Se cursa en la Casa del Bicentenario (Belgrano y 1era Junta) en el horario de 18,00 a 22,40hs<\/p>\n\n\n\n<p>Ciclo Lectivo 2023 cursa el 1er a\u00f1o de la carrera<\/p>\n\n\n\n<figure class=\"wp-block-table\"><table><tbody><tr><td>HORA<\/td><td>LUNES<\/td><td>MARTES<\/td><td>MI\u00c9RCOLES<\/td><td>JUEVES<\/td><td>VIERNES<\/td><\/tr><tr><td>18,00-18,40<\/td><td>Pedagog\u00eda<\/td><td>Did\u00e1ctica<br>General<\/td><td>Diversidad <br>Vegetal<\/td><td>Biolog\u00eda<br>General<\/td><td><\/td><\/tr><tr><td>18,40-19,20<\/td><td>Pedagog\u00eda<\/td><td>Did\u00e1ctica<br>General<\/td><td>Diversidad <br>Vegetal<\/td><td>Biolog\u00eda<br>General<\/td><td>Lectura y<br>Escritura <br>Acad\u00e9mica<\/td><\/tr><tr><td>19,20-20,00<\/td><td>Pedagog\u00eda<\/td><td>Psicolog\u00eda<br>Educacional<\/td><td>Diversidad <br>Vegetal<\/td><td>Biolog\u00eda<br>General<\/td><td>Lectura y<br>Escritura <br>Acad\u00e9mica<\/td><\/tr><tr><td>20,00-20,40<\/td><td>Psicolog\u00eda<br>Educacional<\/td><td>Psicolog\u00eda<br>Educacional<\/td><td>Qu\u00edmica <br>General<\/td><td>Diversidad <br>Vegetal<\/td><td>Lectura y<br>Escritura <br>Acad\u00e9mica<\/td><\/tr><tr><td>20,40-21,20<\/td><td>Psicolog\u00eda<br>Educacional<\/td><td>Pr\u00e1ctica Docente I<\/td><td>Qu\u00edmica <br>General<\/td><td>Diversidad <br>Vegetal<\/td><td>Biolog\u00eda<br>General<\/td><\/tr><tr><td>21,20-22,00<\/td><td>Did\u00e1ctica<br>General<\/td><td>Pr\u00e1ctica Docente I<\/td><td>Qu\u00edmica <br>General<\/td><td>Qu\u00edmica <br>General<\/td><td>Biolog\u00eda<br>General<\/td><\/tr><tr><td>22,00-22,40<\/td><td>Did\u00e1ctica<br>General<\/td><td>Pr\u00e1ctica Docente I<\/td><td><\/td><td>Qu\u00edmica <br>General<\/td><td>Biolog\u00eda<br>General<\/td><\/tr><\/tbody><\/table><\/figure>\n\n\n\n<p class=\"has-text-align-center\"><strong>TECNICATURA SUPERIOR EN ENFERMER\u00cdA<\/strong><\/p>\n\n\n\n<p>Se cursa en el Colegio Secundario Esteban Echeverr\u00eda (Sede Central) en el horario de 18,30 a 23,10hs.<\/p>\n\n\n\n<p>Ciclo Lectivo 2023 cursa el 3er a\u00f1o de la carrera<\/p>\n\n\n\n<figure class=\"wp-block-table\"><table><tbody><tr><td><strong>HORA<\/strong><\/td><td><strong>LUNES<\/strong><\/td><td><strong>MARTES<\/strong><\/td><td><strong>MI\u00c9RCOLES<\/strong><\/td><td><strong>JUEVES<\/strong><\/td><td><strong>VIERNES<\/strong><\/td><\/tr><tr><td>18,30-19,10<\/td><td><\/td><td>Inform\u00e1tica<\/td><td><\/td><td>Ingl\u00e9s<\/td><td>\u00c9tica y Legislaci\u00f3n<br>Profesional<\/td><\/tr><tr><td>19,10-19,50<\/td><td>Enfermer\u00eda de la<br>Salud Mental <br>y Psiquiatr\u00eda<\/td><td>Inform\u00e1tica<\/td><td>Inform\u00e1tica<\/td><td>Ingl\u00e9s<\/td><td>\u00c9tica y Legislaci\u00f3n<br>Profesional<\/td><\/tr><tr><td>19,50-20,30<\/td><td>Enfermer\u00eda de la <br>Salud Mental <br>y Psiquiatr\u00eda<\/td><td>Ingl\u00e9s<\/td><td>Inform\u00e1tica<\/td><td>Pr\u00e1ctica <br>Profesionalizante III<\/td><td>\u00c9tica y Legislaci\u00f3n<br>Profesional<\/td><\/tr><tr><td>20,30-21,10<\/td><td>Infanto-Juvenil<\/td><td>Ingl\u00e9s<\/td><td>Materno-Infantil<\/td><td>Pr\u00e1ctica <br>Profesionalizante III<\/td><td>\u00c9tica y Legislaci\u00f3n<br>Profesional<\/td><\/tr><tr><td>21,10-21,50<\/td><td>Infanto-Juvenil<\/td><td>Enfermer\u00eda de la<br>Salud Mental <br>y Psiquiatr\u00eda<\/td><td>Materno-Infantil<\/td><td>Pr\u00e1ctica <br>Profesionalizante III<\/td><td>Taller de Cuidados Cr\u00edticos<\/td><\/tr><tr><td>21,50-22,30<\/td><td>Infanto-Juvenil<\/td><td>Enfermer\u00eda de la<br>Salud Mental <br>y Psiquiatr\u00eda<\/td><td>Materno-Infantil<\/td><td>Pr\u00e1ctica <br>Profesionalizante III<\/td><td>Taller de Cuidados Cr\u00edticos<\/td><\/tr><tr><td>22,30-23,10<\/td><td>Infanto-Juvenil<\/td><td>Taller Cuidados Cr\u00edticos<\/td><td>Materno-Infantil<\/td><td>Pr\u00e1ctica <br>Profesionalizante III<\/td><td>Taller de Cuidados Cr\u00edticos<\/td><\/tr><\/tbody><\/table><\/figure>\n\n\n\n<p class=\"has-text-align-center\"><strong>TECNICATURA SUPERIOR EN DESARROLLO DE SOFTWARE<\/strong><\/p>\n\n\n\n<p>Se cursa en el Colegio Secundario Esteban Echverr\u00eda (Sede Central) en el horario 18,30 a 23,10hs.<\/p>\n\n\n\n<p>Ciclo Lectivo 2023 cursa 1er a\u00f1o de la carrera<\/p>\n\n\n\n<figure class=\"wp-block-table\"><table><tbody><tr><td><strong>HORA<\/strong><\/td><td><strong>LUNES<\/strong><\/td><td><strong>MARTES<\/strong><\/td><td><strong>MI\u00c9RCOLES<\/strong><\/td><td><strong>JUEVES<\/strong><\/td><td><strong>VIERNES<\/strong><\/td><\/tr><tr><td>18,30-19,10<\/td><td><\/td><td>Relaci\u00f3n Estado-<br>Sociedad<\/td><td>Relaci\u00f3n Estado-<br>Sociedad<\/td><td>Inform\u00e1tica<\/td><td>Ingl\u00e9s T\u00e9cnico<\/td><\/tr><tr><td>19,10-19,50<\/td><td>Ingl\u00e9s T\u00e9cnico<\/td><td>Relaci\u00f3n Estado-<br>Sociedad<\/td><td>Relaci\u00f3n Estado-<br>Sociedad<\/td><td>Inform\u00e1tica<\/td><td>Ingl\u00e9s T\u00e9cnico<\/td><\/tr><tr><td>19,50-20,30<\/td><td>Ingl\u00e9s T\u00e9cnico<\/td><td>Matem\u00e1tica<\/td><td>Inform\u00e1tica<\/td><td>Matem\u00e1tica<\/td><td>Ofim\u00e1tica<\/td><\/tr><tr><td>20,30-21,10<\/td><td>Ofim\u00e1tica<\/td><td>Matem\u00e1tica<\/td><td>Inform\u00e1tica<\/td><td>Matem\u00e1tica<\/td><td>Ofim\u00e1tica<\/td><\/tr><tr><td>21,10-21,50<\/td><td>Ofim\u00e1tica<\/td><td>Inform\u00e1tica<\/td><td><\/td><td>Matem\u00e1tica<\/td><td>Ofim\u00e1tica<\/td><\/tr><tr><td>21,50-22,30<\/td><td>Ofim\u00e1tica<\/td><td>Inform\u00e1tica<\/td><td><\/td><td><\/td><td><\/td><\/tr><tr><td>22,30-23,10<\/td><td><\/td><td><\/td><td><\/td><td><\/td><td><\/td><\/tr><\/tbody><\/table><\/figure>\n\n\n\n<p class=\"has-text-align-center\"><strong>TECNICATURA SUPERIOR EN INFRAESTRUCTURA INFORM\u00c1TICA<\/strong><\/p>\n\n\n\n<p>Se cursa en el Colegio Secundario Esteban Echeverr\u00eda (Sede Central) en el horario de 18,30 a 23,10hs<\/p>\n\n\n\n<p>Ciclo Lectivo 2023 cursa el 2do a\u00f1o de la carrera.<\/p>\n\n\n\n<figure class=\"wp-block-table\"><table><tbody><tr><td><strong>HORA<\/strong><\/td><td><strong>LUNES<\/strong><\/td><td><strong>MARTES<\/strong><\/td><td><strong>MI\u00c9RCOLES<\/strong><\/td><td><strong>JUEVES<\/strong><\/td><td><strong>VIERNES<\/strong><\/td><\/tr><tr><td>18,30-19,10<\/td><td>Seguridad<br>Inform\u00e1tica<\/td><td>Seguridad<br>Inform\u00e1tica<\/td><td>Sistemas<br>Administrativos<\/td><td>Soporte T\u00e9cnico<\/td><td><\/td><\/tr><tr><td>19,10-19,50<\/td><td>Seguridad<br>Inform\u00e1tica<\/td><td>Seguridad<br>Inform\u00e1tica<\/td><td>Sistemas<br>Administrativos<\/td><td>Soporte T\u00e9cnico<\/td><td>Soporte T\u00e9cnico<\/td><\/tr><tr><td>19,50-20,30<\/td><td>Sistemas<br>Operativo<\/td><td>Sistemas<br>Administrativos<\/td><td>Sistemas<br>Administrativos<\/td><td>Sistemas<br>Operativos<\/td><td>Soporte T\u00e9cnico<\/td><\/tr><tr><td>20,30-21,10<\/td><td>Sistemas<br>Operativos<\/td><td>Sistemas<br>Administrativos<\/td><td>Pr\u00e1ctica <br>Profesionalizante II<\/td><td>Sistemas<br>Operativos<\/td><td>Soporte T\u00e9cnico<\/td><\/tr><tr><td>21,10-21,50<\/td><td>Redes I<\/td><td>Redes I<\/td><td>Pr\u00e1ctica <br>Profesionalizante II<\/td><td>Pr\u00e1ctica <br>Profesionalizante II<\/td><td>Redes I<\/td><\/tr><tr><td>21,50-22,30<\/td><td>Redes I<\/td><td>Redes I<\/td><td>Pr\u00e1ctica <br>Profesionalizante II<\/td><td>Pr\u00e1ctica <br>Profesionalizante II<\/td><td>Redes I<\/td><\/tr><tr><td>22,30-23,10<\/td><td><\/td><td><\/td><td><\/td><td>Pr\u00e1ctica <br>Profesionalizante II<\/td><td><\/td><\/tr><\/tbody><\/table><\/figure>\n","protected":false},"excerpt":{"rendered":"<p>PROFESORADO DE EDUCACI\u00d3N PRIMARIA Se cursa en el Colegio Secundario Esteban Echeverr\u00eda (Sede Central) en el horario de 13,00 a 17,40hs. Ciclo Lectivo 2023 cursa el 2do a\u00f1o de la carrera. HORA LUNES MARTES MI\u00c9RCOLES JUEVES VIERNES 13,00-13,40 Ense\u00f1anza de la Matem\u00e1tica Ense\u00f1anza de la lenguay literatura Pr\u00e1ctica Docente II Historia y Pol\u00edtica de laEducaci\u00f3n &#8230; <a title=\"Cursado\" class=\"read-more\" href=\"https:\/\/isfdsauce-crr.infd.edu.ar\/sitio\/calendario-academico\/\" aria-label=\"More on Cursado\">[+]<\/a><\/p>\n","protected":false},"author":36,"featured_media":0,"parent":0,"menu_order":0,"comment_status":"closed","ping_status":"closed","template":"","meta":[],"acf":[],"_links":{"self":[{"href":"https:\/\/isfdsauce-crr.infd.edu.ar\/sitio\/wp-json\/wp\/v2\/pages\/794"}],"collection":[{"href":"https:\/\/isfdsauce-crr.infd.edu.ar\/sitio\/wp-json\/wp\/v2\/pages"}],"about":[{"href":"https:\/\/isfdsauce-crr.infd.edu.ar\/sitio\/wp-json\/wp\/v2\/types\/page"}],"author":[{"embeddable":true,"href":"https:\/\/isfdsauce-crr.infd.edu.ar\/sitio\/wp-json\/wp\/v2\/users\/36"}],"replies":[{"embeddable":true,"href":"https:\/\/isfdsauce-crr.infd.edu.ar\/sitio\/wp-json\/wp\/v2\/comments?post=794"}],"version-history":[{"count":5,"href":"https:\/\/isfdsauce-crr.infd.edu.ar\/sitio\/wp-json\/wp\/v2\/pages\/794\/revisions"}],"predecessor-version":[{"id":1089,"href":"https:\/\/isfdsauce-crr.infd.edu.ar\/sitio\/wp-json\/wp\/v2\/pages\/794\/revisions\/1089"}],"wp:attachment":[{"href":"https:\/\/isfdsauce-crr.infd.edu.ar\/sitio\/wp-json\/wp\/v2\/media?parent=794"}],"curies":[{"name":"wp","href":"https:\/\/api.w.org\/{rel}","templated":true}]}}